{"id":10,"date":"2020-05-18T12:02:02","date_gmt":"2020-05-18T12:02:02","guid":{"rendered":"https:\/\/www.au112.com\/?page_id=10"},"modified":"2020-05-18T12:02:02","modified_gmt":"2020-05-18T12:02:02","slug":"a-propos-de","status":"publish","type":"page","link":"https:\/\/www.au112.com\/ro\/a-propos-de\/","title":{"rendered":"\u00c0 propos de"},"content":{"rendered":"<p>Vous pourriez \u00eatre un artiste et vouloir pr\u00e9senter vos travaux et vous m\u00eame ou encore \u00eatre une entreprise avec une mission \u00e0 promouvoir.<\/p>","protected":false},"excerpt":{"rendered":"<p>Vous pourriez \u00eatre un artiste et vouloir pr\u00e9senter vos travaux et vous m\u00eame ou encore \u00eatre une entreprise avec une mission \u00e0 promouvoir.<\/p>","protected":false},"author":1,"featured_media":7,"parent":0,"menu_order":0,"comment_status":"closed","ping_status":"closed","template":"","meta":{"_gspb_post_css":"","footnotes":""},"blocksy_meta":[],"featured_image_urls":{"full":["https:\/\/www.au112.com\/wp-content\/uploads\/2020\/05\/sandwich.jpg",2000,1200,false],"thumbnail":["https:\/\/www.au112.com\/wp-content\/uploads\/2020\/05\/sandwich-150x150.jpg",150,150,true],"medium":["https:\/\/www.au112.com\/wp-content\/uploads\/2020\/05\/sandwich-300x180.jpg",300,180,true],"medium_large":["https:\/\/www.au112.com\/wp-content\/uploads\/2020\/05\/sandwich-768x461.jpg",768,461,true],"large":["https:\/\/www.au112.com\/wp-content\/uploads\/2020\/05\/sandwich-1024x614.jpg",1024,614,true],"1536x1536":["https:\/\/www.au112.com\/wp-content\/uploads\/2020\/05\/sandwich-1536x922.jpg",1536,922,true],"2048x2048":["https:\/\/www.au112.com\/wp-content\/uploads\/2020\/05\/sandwich.jpg",2000,1200,false],"trp-custom-language-flag":["https:\/\/www.au112.com\/wp-content\/uploads\/2020\/05\/sandwich.jpg",18,12,false],"mailpoet_newsletter_max":["https:\/\/www.au112.com\/wp-content\/uploads\/2020\/05\/sandwich.jpg",1320,792,false]},"post_excerpt_stackable":"<p>Vous pourriez \u00eatre un artiste et vouloir pr\u00e9senter vos travaux et vous m\u00eame ou encore \u00eatre une entreprise avec une mission \u00e0 promouvoir.<\/p>\n","category_list":"","author_info":{"name":"PierreC","url":"https:\/\/www.au112.com\/ro\/author\/pierrec\/"},"comments_num":"0 comments","_links":{"self":[{"href":"https:\/\/www.au112.com\/ro\/wp-json\/wp\/v2\/pages\/10"}],"collection":[{"href":"https:\/\/www.au112.com\/ro\/wp-json\/wp\/v2\/pages"}],"about":[{"href":"https:\/\/www.au112.com\/ro\/wp-json\/wp\/v2\/types\/page"}],"author":[{"embeddable":true,"href":"https:\/\/www.au112.com\/ro\/wp-json\/wp\/v2\/users\/1"}],"replies":[{"embeddable":true,"href":"https:\/\/www.au112.com\/ro\/wp-json\/wp\/v2\/comments?post=10"}],"version-history":[{"count":1,"href":"https:\/\/www.au112.com\/ro\/wp-json\/wp\/v2\/pages\/10\/revisions"}],"predecessor-version":[{"id":18,"href":"https:\/\/www.au112.com\/ro\/wp-json\/wp\/v2\/pages\/10\/revisions\/18"}],"wp:featuredmedia":[{"embeddable":true,"href":"https:\/\/www.au112.com\/ro\/wp-json\/wp\/v2\/media\/7"}],"wp:attachment":[{"href":"https:\/\/www.au112.com\/ro\/wp-json\/wp\/v2\/media?parent=10"}],"curies":[{"name":"wp","href":"https:\/\/api.w.org\/{rel}","templated":true}]}}