{"id":11,"date":"2020-05-18T12:02:02","date_gmt":"2020-05-18T12:02:02","guid":{"rendered":"https:\/\/www.au112.com\/?page_id=11"},"modified":"2020-05-18T12:02:02","modified_gmt":"2020-05-18T12:02:02","slug":"contact","status":"publish","type":"page","link":"https:\/\/www.au112.com\/ro\/contact\/","title":{"rendered":"Contact"},"content":{"rendered":"<p>C\u2019est une page avec des informations de contact de base, comme l\u2019adresse et le num\u00e9ro de t\u00e9l\u00e9phone. Vous pouvez aussi essayer une extension pour ajouter un formulaire de contact.<\/p>","protected":false},"excerpt":{"rendered":"<p>C\u2019est une page avec des informations de contact de base, comme l\u2019adresse et le num\u00e9ro de t\u00e9l\u00e9phone. Vous pouvez aussi essayer une extension pour ajouter un formulaire de contact.<\/p>","protected":false},"author":1,"featured_media":6,"parent":0,"menu_order":0,"comment_status":"closed","ping_status":"closed","template":"","meta":{"_gspb_post_css":"","footnotes":""},"blocksy_meta":[],"featured_image_urls":{"full":["https:\/\/www.au112.com\/wp-content\/uploads\/2020\/05\/espresso.jpg",2000,1200,false],"thumbnail":["https:\/\/www.au112.com\/wp-content\/uploads\/2020\/05\/espresso-150x150.jpg",150,150,true],"medium":["https:\/\/www.au112.com\/wp-content\/uploads\/2020\/05\/espresso-300x180.jpg",300,180,true],"medium_large":["https:\/\/www.au112.com\/wp-content\/uploads\/2020\/05\/espresso-768x461.jpg",768,461,true],"large":["https:\/\/www.au112.com\/wp-content\/uploads\/2020\/05\/espresso-1024x614.jpg",1024,614,true],"1536x1536":["https:\/\/www.au112.com\/wp-content\/uploads\/2020\/05\/espresso-1536x922.jpg",1536,922,true],"2048x2048":["https:\/\/www.au112.com\/wp-content\/uploads\/2020\/05\/espresso.jpg",2000,1200,false],"trp-custom-language-flag":["https:\/\/www.au112.com\/wp-content\/uploads\/2020\/05\/espresso.jpg",18,12,false],"mailpoet_newsletter_max":["https:\/\/www.au112.com\/wp-content\/uploads\/2020\/05\/espresso.jpg",1320,792,false]},"post_excerpt_stackable":"<p>C\u2019est une page avec des informations de contact de base, comme l\u2019adresse et le num\u00e9ro de t\u00e9l\u00e9phone. Vous pouvez aussi essayer une extension pour ajouter un formulaire de contact.<\/p>\n","category_list":"","author_info":{"name":"PierreC","url":"https:\/\/www.au112.com\/ro\/author\/pierrec\/"},"comments_num":"0 comments","_links":{"self":[{"href":"https:\/\/www.au112.com\/ro\/wp-json\/wp\/v2\/pages\/11"}],"collection":[{"href":"https:\/\/www.au112.com\/ro\/wp-json\/wp\/v2\/pages"}],"about":[{"href":"https:\/\/www.au112.com\/ro\/wp-json\/wp\/v2\/types\/page"}],"author":[{"embeddable":true,"href":"https:\/\/www.au112.com\/ro\/wp-json\/wp\/v2\/users\/1"}],"replies":[{"embeddable":true,"href":"https:\/\/www.au112.com\/ro\/wp-json\/wp\/v2\/comments?post=11"}],"version-history":[{"count":1,"href":"https:\/\/www.au112.com\/ro\/wp-json\/wp\/v2\/pages\/11\/revisions"}],"predecessor-version":[{"id":19,"href":"https:\/\/www.au112.com\/ro\/wp-json\/wp\/v2\/pages\/11\/revisions\/19"}],"wp:featuredmedia":[{"embeddable":true,"href":"https:\/\/www.au112.com\/ro\/wp-json\/wp\/v2\/media\/6"}],"wp:attachment":[{"href":"https:\/\/www.au112.com\/ro\/wp-json\/wp\/v2\/media?parent=11"}],"curies":[{"name":"wp","href":"https:\/\/api.w.org\/{rel}","templated":true}]}}